{"id":42,"date":"2021-06-09T13:39:10","date_gmt":"2021-06-09T13:39:10","guid":{"rendered":"https:\/\/bmd-hasslinghausen.de\/?page_id=42"},"modified":"2021-06-09T13:39:10","modified_gmt":"2021-06-09T13:39:10","slug":"anfrage-an-den-baumaschinendienst-hasslinghausen","status":"publish","type":"page","link":"https:\/\/bmd-hasslinghausen.de\/?page_id=42","title":{"rendered":"Anfrage an den Baumaschinendienst Hasslinghausen"},"content":{"rendered":"<p>Haben Sie Fragen, oder W\u00fcnschen eine Kontaktaufnahme dann setzen Sie sich bitte \u00fcber das Formular mit uns in Verbindung. Die mit &#8222;*&#8220; gekennzeichneten Felder ben\u00f6tigen wir zwingend f\u00fcr Ihre Kontaktaufnahme.<\/p>\n<p>KONTAKTFORMULAR FOLGT<\/p>\n","protected":false},"excerpt":{"rendered":"<p>Haben Sie Fragen, oder W\u00fcnschen eine Kontaktaufnahme dann setzen Sie sich bitte \u00fcber das Formular mit uns in Verbindung. Die mit &#8222;*&#8220; gekennzeichneten Felder ben\u00f6tigen wir zwingend f\u00fcr Ihre Kontaktaufnahme. KONTAKTFORMULAR FOLGT<\/p>\n","protected":false},"author":1,"featured_media":0,"parent":0,"menu_order":0,"comment_status":"closed","ping_status":"closed","template":"","meta":{"footnotes":""},"_links":{"self":[{"href":"https:\/\/bmd-hasslinghausen.de\/index.php?rest_route=\/wp\/v2\/pages\/42"}],"collection":[{"href":"https:\/\/bmd-hasslinghausen.de\/index.php?rest_route=\/wp\/v2\/pages"}],"about":[{"href":"https:\/\/bmd-hasslinghausen.de\/index.php?rest_route=\/wp\/v2\/types\/page"}],"author":[{"embeddable":true,"href":"https:\/\/bmd-hasslinghausen.de\/index.php?rest_route=\/wp\/v2\/users\/1"}],"replies":[{"embeddable":true,"href":"https:\/\/bmd-hasslinghausen.de\/index.php?rest_route=%2Fwp%2Fv2%2Fcomments&post=42"}],"version-history":[{"count":1,"href":"https:\/\/bmd-hasslinghausen.de\/index.php?rest_route=\/wp\/v2\/pages\/42\/revisions"}],"predecessor-version":[{"id":43,"href":"https:\/\/bmd-hasslinghausen.de\/index.php?rest_route=\/wp\/v2\/pages\/42\/revisions\/43"}],"wp:attachment":[{"href":"https:\/\/bmd-hasslinghausen.de\/index.php?rest_route=%2Fwp%2Fv2%2Fmedia&parent=42"}],"curies":[{"name":"wp","href":"https:\/\/api.w.org\/{rel}","templated":true}]}}