{"id":38,"date":"2021-06-09T13:37:58","date_gmt":"2021-06-09T13:37:58","guid":{"rendered":"https:\/\/bmd-hasslinghausen.de\/?page_id=38"},"modified":"2021-06-09T13:40:00","modified_gmt":"2021-06-09T13:40:00","slug":"impressum-von-baumaschinendienst-hasslinghausen","status":"publish","type":"page","link":"https:\/\/bmd-hasslinghausen.de\/?page_id=38","title":{"rendered":"Impressum von Baumaschinendienst Hasslinghausen"},"content":{"rendered":"<p>Baumaschinendienst Hasslinghausen Gmbh<br \/>\nGewerbestra\u00dfe 13<br \/>\n45549 Sprockh\u00f6vel<br \/>\nTel.:  02339 &#8211; 70 44<br \/>\nFax.: 02339 &#8211; 63 85<br \/>\nE-Mail:  info@bmd-hasslinghausen.de<\/p>\n<p>Gesch\u00e4ftsf\u00fchrer: Dipl. -Wirt.- Ing.  Markus Wetter<\/p>\n<p>UST-Id-Nr.: DE 125314503<br \/>\nAmtsgericht Essen HRB 15671<br \/>\nSitz der Gesellschaft: Sprockh\u00f6vel<\/p>\n<p>\u00d6ffnungszeiten:<br \/>\nMontag &#8211; Freitag<br \/>\n07:30 Uhr &#8211; 18:00 Uhr<br \/>\nSamstag 7:30 Uhr &#8211; 12:00 Uhr<br \/>\nSonntag geschlossen<\/p>\n<p>Information:<\/p>\n<p>Da wir auf \u00c4nderungen durch Autoren externer Websites keinerlei Einfluss haben, weisen wir hiermit ausdr\u00fccklich darauf hin, dass wir uns Texte oder Aussagen Dritter durch Links auf deren Websites nicht zu eigen machen, insbesondere ist zu beachten, dass wir in keinerlei Weise mit nicht direkt durch uns selbst ver\u00f6ffentlichten Inhalten und Aussagen konform gehen. Alle Informationen wurden von uns mit Sorgfalt erstellt und ausgew\u00e4hlt. Gleichwohl k\u00f6nnen wir keine Gew\u00e4hr f\u00fcr Richtigkeit, Vollst\u00e4ndigkeit und Aktualit\u00e4t der Informationen in unserem Web-Angebot \u00fcbernehmen. Die Nutzung unseres Web-Angebotes erfolgt also auf Ihre eigene Gefahr. Soweit wir mittels sog. Links auf Angebote Dritter verweisen, \u00fcbernehmen wir keine Haftung f\u00fcr die Inhalte dieser Informations-Anbieter. Dort ver\u00f6ffentlichte Meinungen oder Tatsachenbehauptungen machen wir uns durch die Schaltung eines Links nicht zu eigen, falls durch uns nicht ausdr\u00fccklich etwas anderes zu dem Link erkl\u00e4rt wird.<\/p>\n<p>Design &amp; Redaktionssystem:<\/p>\n<p>magiC-objects von wupp.iT<\/p>\n<p>Urheberrecht:<\/p>\n<p>Diese Website ist urheberrechtlich gesch\u00fctzt. Alle Rechte bleiben vorbehalten. Informationen oder Daten dieser Website d\u00fcrfen ohne vorherige Zustimmung der Firma f\u00fcr Baumaschinendienst &#8211; Herr Dipl.-Wirt.-Ing. Markus Wetter in keiner Form verwertet werden (\u00a715UrhG).<\/p>\n<p>Streitbeteiligungsverfahren:<\/p>\n<p>Wir sind nicht verpflichtet und nehmen auch nicht am Streitbeteiligungsverfahren der EU teil.<\/p>\n<p>Mehr Infos finden Sie unter https:\/\/ec.europa.eu\/info\/policies\/consumers_de<\/p>\n","protected":false},"excerpt":{"rendered":"<p>Baumaschinendienst Hasslinghausen Gmbh Gewerbestra\u00dfe 13 45549 Sprockh\u00f6vel Tel.: 02339 &#8211; 70 44 Fax.: 02339 &#8211; 63 85 E-Mail: info@bmd-hasslinghausen.de Gesch\u00e4ftsf\u00fchrer: Dipl. -Wirt.- Ing. Markus Wetter UST-Id-Nr.: DE 125314503 Amtsgericht Essen HRB 15671 Sitz der Gesellschaft: Sprockh\u00f6vel \u00d6ffnungszeiten: Montag &#8211; Freitag 07:30 Uhr &#8211; 18:00 Uhr Samstag 7:30 Uhr &#8211; 12:00 Uhr Sonntag geschlossen Information: Da &#8230; <a title=\"Impressum von Baumaschinendienst Hasslinghausen\" class=\"read-more\" href=\"https:\/\/bmd-hasslinghausen.de\/?page_id=38\" aria-label=\"Mehr dazu unter Impressum von Baumaschinendienst Hasslinghausen\">Weiterlesen<\/a><\/p>\n","protected":false},"author":1,"featured_media":0,"parent":0,"menu_order":0,"comment_status":"closed","ping_status":"closed","template":"","meta":{"footnotes":""},"_links":{"self":[{"href":"https:\/\/bmd-hasslinghausen.de\/index.php?rest_route=\/wp\/v2\/pages\/38"}],"collection":[{"href":"https:\/\/bmd-hasslinghausen.de\/index.php?rest_route=\/wp\/v2\/pages"}],"about":[{"href":"https:\/\/bmd-hasslinghausen.de\/index.php?rest_route=\/wp\/v2\/types\/page"}],"author":[{"embeddable":true,"href":"https:\/\/bmd-hasslinghausen.de\/index.php?rest_route=\/wp\/v2\/users\/1"}],"replies":[{"embeddable":true,"href":"https:\/\/bmd-hasslinghausen.de\/index.php?rest_route=%2Fwp%2Fv2%2Fcomments&post=38"}],"version-history":[{"count":2,"href":"https:\/\/bmd-hasslinghausen.de\/index.php?rest_route=\/wp\/v2\/pages\/38\/revisions"}],"predecessor-version":[{"id":45,"href":"https:\/\/bmd-hasslinghausen.de\/index.php?rest_route=\/wp\/v2\/pages\/38\/revisions\/45"}],"wp:attachment":[{"href":"https:\/\/bmd-hasslinghausen.de\/index.php?rest_route=%2Fwp%2Fv2%2Fmedia&parent=38"}],"curies":[{"name":"wp","href":"https:\/\/api.w.org\/{rel}","templated":true}]}}