{"id":36,"date":"2021-06-09T13:37:16","date_gmt":"2021-06-09T13:37:16","guid":{"rendered":"https:\/\/bmd-hasslinghausen.de\/?page_id=36"},"modified":"2021-06-09T13:42:50","modified_gmt":"2021-06-09T13:42:50","slug":"wartung-von-baumaschinendienst-hasslinghausen","status":"publish","type":"page","link":"https:\/\/bmd-hasslinghausen.de\/?page_id=36","title":{"rendered":"Wartung, Pr\u00fcfpflicht und Sachverst\u00e4digenabnahmen"},"content":{"rendered":"<p>Neben den gr\u00fcndlichen und zuverl\u00e4ssigen Wartungen Ihrer Krane durch unsere Mitarbeiter ben\u00f6tigt ein Baukran in regelm\u00e4\u00dfigen Abst\u00e4nden eine Sachverst\u00e4ndigenpr\u00fcfung.<\/p>\n<p>Wir haben einen von der Berufsgenossenschaft erm\u00e4chtigten Sachverst\u00e4ndigen.<\/p>\n","protected":false},"excerpt":{"rendered":"<p>Neben den gr\u00fcndlichen und zuverl\u00e4ssigen Wartungen Ihrer Krane durch unsere Mitarbeiter ben\u00f6tigt ein Baukran in regelm\u00e4\u00dfigen Abst\u00e4nden eine Sachverst\u00e4ndigenpr\u00fcfung. Wir haben einen von der Berufsgenossenschaft erm\u00e4chtigten Sachverst\u00e4ndigen.<\/p>\n","protected":false},"author":1,"featured_media":0,"parent":0,"menu_order":0,"comment_status":"closed","ping_status":"closed","template":"","meta":{"footnotes":""},"_links":{"self":[{"href":"https:\/\/bmd-hasslinghausen.de\/index.php?rest_route=\/wp\/v2\/pages\/36"}],"collection":[{"href":"https:\/\/bmd-hasslinghausen.de\/index.php?rest_route=\/wp\/v2\/pages"}],"about":[{"href":"https:\/\/bmd-hasslinghausen.de\/index.php?rest_route=\/wp\/v2\/types\/page"}],"author":[{"embeddable":true,"href":"https:\/\/bmd-hasslinghausen.de\/index.php?rest_route=\/wp\/v2\/users\/1"}],"replies":[{"embeddable":true,"href":"https:\/\/bmd-hasslinghausen.de\/index.php?rest_route=%2Fwp%2Fv2%2Fcomments&post=36"}],"version-history":[{"count":2,"href":"https:\/\/bmd-hasslinghausen.de\/index.php?rest_route=\/wp\/v2\/pages\/36\/revisions"}],"predecessor-version":[{"id":50,"href":"https:\/\/bmd-hasslinghausen.de\/index.php?rest_route=\/wp\/v2\/pages\/36\/revisions\/50"}],"wp:attachment":[{"href":"https:\/\/bmd-hasslinghausen.de\/index.php?rest_route=%2Fwp%2Fv2%2Fmedia&parent=36"}],"curies":[{"name":"wp","href":"https:\/\/api.w.org\/{rel}","templated":true}]}}