{"id":34,"date":"2021-06-09T13:36:48","date_gmt":"2021-06-09T13:36:48","guid":{"rendered":"https:\/\/bmd-hasslinghausen.de\/?page_id=34"},"modified":"2021-06-09T13:40:17","modified_gmt":"2021-06-09T13:40:17","slug":"kranfahrereinweisung-am-baumaschienendienst-hasslinghausen","status":"publish","type":"page","link":"https:\/\/bmd-hasslinghausen.de\/?page_id=34","title":{"rendered":"Kranfahrereinweisung am Baumaschienendienst Hasslinghausen"},"content":{"rendered":"<p>In der heutigen Zeit ist ein gut ausgebildeter Kranfahrer Pflicht. Damit Arbeitsabl\u00e4ufe, Lade- und Entladevorg\u00e4nge durch den Kranfahrer schnell, reibungslos und sicher durchgef\u00fchrt werden k\u00f6nnen bieten wir, sowohl f\u00fcr unsere eigenen als auch f\u00fcr Ihre Baukrane, Einzel- und Gruppenschulungen. F\u00fcr schnelleres und effizienteres Arbeiten!<\/p>\n","protected":false},"excerpt":{"rendered":"<p>In der heutigen Zeit ist ein gut ausgebildeter Kranfahrer Pflicht. Damit Arbeitsabl\u00e4ufe, Lade- und Entladevorg\u00e4nge durch den Kranfahrer schnell, reibungslos und sicher durchgef\u00fchrt werden k\u00f6nnen bieten wir, sowohl f\u00fcr unsere eigenen als auch f\u00fcr Ihre Baukrane, Einzel- und Gruppenschulungen. F\u00fcr schnelleres und effizienteres Arbeiten!<\/p>\n","protected":false},"author":1,"featured_media":0,"parent":0,"menu_order":0,"comment_status":"closed","ping_status":"closed","template":"","meta":{"footnotes":""},"_links":{"self":[{"href":"https:\/\/bmd-hasslinghausen.de\/index.php?rest_route=\/wp\/v2\/pages\/34"}],"collection":[{"href":"https:\/\/bmd-hasslinghausen.de\/index.php?rest_route=\/wp\/v2\/pages"}],"about":[{"href":"https:\/\/bmd-hasslinghausen.de\/index.php?rest_route=\/wp\/v2\/types\/page"}],"author":[{"embeddable":true,"href":"https:\/\/bmd-hasslinghausen.de\/index.php?rest_route=\/wp\/v2\/users\/1"}],"replies":[{"embeddable":true,"href":"https:\/\/bmd-hasslinghausen.de\/index.php?rest_route=%2Fwp%2Fv2%2Fcomments&post=34"}],"version-history":[{"count":2,"href":"https:\/\/bmd-hasslinghausen.de\/index.php?rest_route=\/wp\/v2\/pages\/34\/revisions"}],"predecessor-version":[{"id":46,"href":"https:\/\/bmd-hasslinghausen.de\/index.php?rest_route=\/wp\/v2\/pages\/34\/revisions\/46"}],"wp:attachment":[{"href":"https:\/\/bmd-hasslinghausen.de\/index.php?rest_route=%2Fwp%2Fv2%2Fmedia&parent=34"}],"curies":[{"name":"wp","href":"https:\/\/api.w.org\/{rel}","templated":true}]}}