{"id":30,"date":"2021-06-09T13:35:27","date_gmt":"2021-06-09T13:35:27","guid":{"rendered":"https:\/\/bmd-hasslinghausen.de\/?page_id=30"},"modified":"2021-06-09T13:35:27","modified_gmt":"2021-06-09T13:35:27","slug":"restauration-von-baumaschienendienst-hasslinghausen-2","status":"publish","type":"page","link":"https:\/\/bmd-hasslinghausen.de\/?page_id=30","title":{"rendered":"Restauration von Baumaschienendienst Hasslinghausen"},"content":{"rendered":"<p>Nassschneidetische\/ Mauerkrane, Kreiss\u00e4gen und Co.<\/p>\n<p>Des Weiteren bieten wir Ihnen einen Rundum Service (von der Wartung bis zur Sachkundigenabnahme) f\u00fcr Ihre Baustellenger\u00e4te wie z.B. Nassschneidetische, Mauerkrane oder Kreiss\u00e4gen diverser Hersteller<\/p>\n","protected":false},"excerpt":{"rendered":"<p>Nassschneidetische\/ Mauerkrane, Kreiss\u00e4gen und Co. Des Weiteren bieten wir Ihnen einen Rundum Service (von der Wartung bis zur Sachkundigenabnahme) f\u00fcr Ihre Baustellenger\u00e4te wie z.B. Nassschneidetische, Mauerkrane oder Kreiss\u00e4gen diverser Hersteller<\/p>\n","protected":false},"author":1,"featured_media":0,"parent":0,"menu_order":0,"comment_status":"closed","ping_status":"closed","template":"","meta":{"footnotes":""},"_links":{"self":[{"href":"https:\/\/bmd-hasslinghausen.de\/index.php?rest_route=\/wp\/v2\/pages\/30"}],"collection":[{"href":"https:\/\/bmd-hasslinghausen.de\/index.php?rest_route=\/wp\/v2\/pages"}],"about":[{"href":"https:\/\/bmd-hasslinghausen.de\/index.php?rest_route=\/wp\/v2\/types\/page"}],"author":[{"embeddable":true,"href":"https:\/\/bmd-hasslinghausen.de\/index.php?rest_route=\/wp\/v2\/users\/1"}],"replies":[{"embeddable":true,"href":"https:\/\/bmd-hasslinghausen.de\/index.php?rest_route=%2Fwp%2Fv2%2Fcomments&post=30"}],"version-history":[{"count":1,"href":"https:\/\/bmd-hasslinghausen.de\/index.php?rest_route=\/wp\/v2\/pages\/30\/revisions"}],"predecessor-version":[{"id":31,"href":"https:\/\/bmd-hasslinghausen.de\/index.php?rest_route=\/wp\/v2\/pages\/30\/revisions\/31"}],"wp:attachment":[{"href":"https:\/\/bmd-hasslinghausen.de\/index.php?rest_route=%2Fwp%2Fv2%2Fmedia&parent=30"}],"curies":[{"name":"wp","href":"https:\/\/api.w.org\/{rel}","templated":true}]}}