{"id":24,"date":"2021-06-09T13:33:28","date_gmt":"2021-06-09T13:33:28","guid":{"rendered":"https:\/\/bmd-hasslinghausen.de\/?page_id=24"},"modified":"2021-06-09T13:33:28","modified_gmt":"2021-06-09T13:33:28","slug":"umruestung-von-baumaschinendienst-hasslinghausen","status":"publish","type":"page","link":"https:\/\/bmd-hasslinghausen.de\/?page_id=24","title":{"rendered":"Umr\u00fcstung von Baumaschinendienst Hasslinghausen"},"content":{"rendered":"<p>Umr\u00fcstung um Anlaufst\u00f6me zu reduzieren<\/p>\n<p>Ihr Kran kann nicht montiert werden, weil die Anschlusswerte zu hoch sind? Wir k\u00f6nnen den Anschlusswert Ihres Krans reduzieren. Rufen Sie uns an!!!<\/p>\n","protected":false},"excerpt":{"rendered":"<p>Umr\u00fcstung um Anlaufst\u00f6me zu reduzieren Ihr Kran kann nicht montiert werden, weil die Anschlusswerte zu hoch sind? Wir k\u00f6nnen den Anschlusswert Ihres Krans reduzieren. Rufen Sie uns an!!!<\/p>\n","protected":false},"author":1,"featured_media":0,"parent":0,"menu_order":0,"comment_status":"closed","ping_status":"closed","template":"","meta":{"footnotes":""},"_links":{"self":[{"href":"https:\/\/bmd-hasslinghausen.de\/index.php?rest_route=\/wp\/v2\/pages\/24"}],"collection":[{"href":"https:\/\/bmd-hasslinghausen.de\/index.php?rest_route=\/wp\/v2\/pages"}],"about":[{"href":"https:\/\/bmd-hasslinghausen.de\/index.php?rest_route=\/wp\/v2\/types\/page"}],"author":[{"embeddable":true,"href":"https:\/\/bmd-hasslinghausen.de\/index.php?rest_route=\/wp\/v2\/users\/1"}],"replies":[{"embeddable":true,"href":"https:\/\/bmd-hasslinghausen.de\/index.php?rest_route=%2Fwp%2Fv2%2Fcomments&post=24"}],"version-history":[{"count":1,"href":"https:\/\/bmd-hasslinghausen.de\/index.php?rest_route=\/wp\/v2\/pages\/24\/revisions"}],"predecessor-version":[{"id":25,"href":"https:\/\/bmd-hasslinghausen.de\/index.php?rest_route=\/wp\/v2\/pages\/24\/revisions\/25"}],"wp:attachment":[{"href":"https:\/\/bmd-hasslinghausen.de\/index.php?rest_route=%2Fwp%2Fv2%2Fmedia&parent=24"}],"curies":[{"name":"wp","href":"https:\/\/api.w.org\/{rel}","templated":true}]}}