{"id":17,"date":"2021-06-09T13:26:43","date_gmt":"2021-06-09T13:26:43","guid":{"rendered":"https:\/\/bmd-hasslinghausen.de\/?page_id=17"},"modified":"2021-06-09T13:26:44","modified_gmt":"2021-06-09T13:26:44","slug":"herzlich-willkommen","status":"publish","type":"page","link":"https:\/\/bmd-hasslinghausen.de\/","title":{"rendered":"Herzlich Willkommen"},"content":{"rendered":"\n<p><strong>Oben- und Untendreher seit mehr als 50 Jahren<br><\/strong><\/p>\n\n\n\n<p>Gegr\u00fcndet 1967 als Dienstleister im Baukranservice sind wir heute ein Spezialist f\u00fcr das Herzst\u00fcck<br>einer jeden Baustelle mit \u00fcber 50 Mietkranen.<br>Durch eine flache Firmenhierachie sind wir in der Lage schnell auf Ver\u00e4nderung in der Planungsphase oder auch im Alltagsgesch\u00e4ft zu reagieren.<br><br>Ein zuverl\u00e4ssiger Kranservice ist wichtig, schlie\u00dflich ist die reibungslose Funktion des Kranes<br>Vorraussetzung f\u00fcr den erfolgreichen Ablauf Ihres Projektes.<br><br>Wir sind ein eingespieltes Team das sich st\u00e4ndig weiterbildet. Somit k\u00f6nnen Sie h\u00f6chste Anspr\u00fcche an uns und unsere Arbeit stellen.<\/p>\n\n\n\n<p><br>Wir bieten Ihnen ein Full-Service Paket und stehen Ihnen von der Baustellenberatung bis zur Sachverst\u00e4ndigenabnahme zur Seite.<\/p>\n\n\n\n<p>Zum&nbsp;Dienstleistungsbereich Baukranservice z\u00e4hlt f\u00fcr uns seit 1967:<\/p>\n\n\n\n<ul><li>Die Vermietung von Oben- und Untendrehern<\/li><li>Z\u00fcgige Umsetzungen von Kundenkranen (unterschiedlicher Hersteller) zu kalkulierbaren Preisen<\/li><li>Geringe Kranausfallzeiten durch einen fachlich kompetenten Wartungsdienst im Bereich der konventionellen und modernen Krantechnik (SPS -\/ FU &#8211; Steuerung)<\/li><\/ul>\n\n\n\n<p>Folgende Bereiche sind im Laufe der Zeit hinzugekommen:<\/p>\n\n\n\n<ul><li>Sachverst\u00e4ndigenabnahmen von Baukranen<\/li><li>Reparatur von Funkfernsteuerungen<\/li><li>Getriebereparaturen\/- instandsetzung von Baukranen<\/li><li>Umr\u00fcstung einzelner Antriebe um Anfaufstr\u00f6me zu reduzieren<\/li><\/ul>\n\n\n\n<p>Diese Bereiche werden wie folgt umgesetzt:<\/p>\n\n\n\n<ul><li>Mietparkflotte von 50 Kranen<\/li><li>Vier Kranmonteure mit langj\u00e4hriger Erfahrung<\/li><li>Zwei Kranelektroniker f\u00fcr den St\u00f6rungsdienst<\/li><li>Schnelles Handeln durch kurze Entscheidungswege<\/li><li>Eigener umfassender Lagerbestand&nbsp; und langj\u00e4hrige Kontakte zu diversen Herstellern<br>&nbsp; (Liebherr, Potain, PKZ, Peiner)<\/li><li>Keine feste Bindung an einen Hersteller<\/li><\/ul>\n\n\n\n<p>Bei weiteren Fragen und Problemen stehen wir Ihnen gerne zur Verf\u00fcgung.<\/p>\n","protected":false},"excerpt":{"rendered":"<p>Oben- und Untendreher seit mehr als 50 Jahren Gegr\u00fcndet 1967 als Dienstleister im Baukranservice sind wir heute ein Spezialist f\u00fcr das Herzst\u00fcckeiner jeden Baustelle mit \u00fcber 50 Mietkranen.Durch eine flache Firmenhierachie sind wir in der Lage schnell auf Ver\u00e4nderung in der Planungsphase oder auch im Alltagsgesch\u00e4ft zu reagieren. Ein zuverl\u00e4ssiger Kranservice ist wichtig, schlie\u00dflich ist &#8230; <a title=\"Herzlich Willkommen\" class=\"read-more\" href=\"https:\/\/bmd-hasslinghausen.de\/\" aria-label=\"Mehr dazu unter Herzlich Willkommen\">Weiterlesen<\/a><\/p>\n","protected":false},"author":1,"featured_media":0,"parent":0,"menu_order":0,"comment_status":"closed","ping_status":"closed","template":"","meta":{"footnotes":""},"_links":{"self":[{"href":"https:\/\/bmd-hasslinghausen.de\/index.php?rest_route=\/wp\/v2\/pages\/17"}],"collection":[{"href":"https:\/\/bmd-hasslinghausen.de\/index.php?rest_route=\/wp\/v2\/pages"}],"about":[{"href":"https:\/\/bmd-hasslinghausen.de\/index.php?rest_route=\/wp\/v2\/types\/page"}],"author":[{"embeddable":true,"href":"https:\/\/bmd-hasslinghausen.de\/index.php?rest_route=\/wp\/v2\/users\/1"}],"replies":[{"embeddable":true,"href":"https:\/\/bmd-hasslinghausen.de\/index.php?rest_route=%2Fwp%2Fv2%2Fcomments&post=17"}],"version-history":[{"count":1,"href":"https:\/\/bmd-hasslinghausen.de\/index.php?rest_route=\/wp\/v2\/pages\/17\/revisions"}],"predecessor-version":[{"id":18,"href":"https:\/\/bmd-hasslinghausen.de\/index.php?rest_route=\/wp\/v2\/pages\/17\/revisions\/18"}],"wp:attachment":[{"href":"https:\/\/bmd-hasslinghausen.de\/index.php?rest_route=%2Fwp%2Fv2%2Fmedia&parent=17"}],"curies":[{"name":"wp","href":"https:\/\/api.w.org\/{rel}","templated":true}]}}